{"id":14,"date":"2025-01-29T17:22:01","date_gmt":"2025-01-29T17:22:01","guid":{"rendered":"https:\/\/trim-thierry-9y.zipwp.site\/?page_id=14"},"modified":"2025-01-29T21:22:57","modified_gmt":"2025-01-29T21:22:57","slug":"about","status":"publish","type":"page","link":"https:\/\/cmplxnasge.synology.me\/wordpress\/about\/","title":{"rendered":"About"},"content":{"rendered":"\n<div class=\"wp-block-uagb-container uagb-block-4902463a alignfull uagb-is-root-container\"><div class=\"uagb-container-inner-blocks-wrap\">\n<div class=\"wp-block-uagb-advanced-heading uagb-block-a651693a\"><div class=\"uagb-separator\"><\/div><h1 class=\"uagb-heading-text\">Votre partenaire informatique de confiance \u00e0 Gen\u00e8ve<\/h1><\/div>\n<\/div><\/div>\n\n\n\n<div class=\"wp-block-uagb-container uagb-block-10c39542 alignfull uagb-is-root-container\"><div class=\"uagb-container-inner-blocks-wrap\">\n<div class=\"wp-block-uagb-container uagb-block-0987b86f alignfull uagb-is-root-container\"><div class=\"uagb-container-inner-blocks-wrap\">\n<div class=\"wp-block-uagb-advanced-heading uagb-block-aa35732e\"><div class=\"uagb-separator\"><\/div><h2 class=\"uagb-heading-text\">Complex IT : Un expert en services informatiques \u00e0 Gen\u00e8ve<\/h2><\/div>\n\n\n\n<div class=\"wp-block-uagb-advanced-heading uagb-block-a57423e9\"><p class=\"uagb-heading-text\">Complex IT est une entreprise de services informatiques bas\u00e9e \u00e0 Gen\u00e8ve, avec plus de 25 ans d&rsquo;exp\u00e9rience. Nous offrons des solutions informatiques personnalis\u00e9es pour les syst\u00e8mes d&rsquo;exploitation Mac, Windows et Linux, afin de r\u00e9pondre aux besoins vari\u00e9s de nos clients.<\/p><p class=\"uagb-desc-text\">Notre expertise a permis \u00e0 de nombreuses entreprises et particuliers de b\u00e9n\u00e9ficier de solutions informatiques fiables. Gr\u00e2ce \u00e0 notre r\u00e9activit\u00e9 et \u00e0 notre savoir-faire, nous avons efficacement r\u00e9solu des milliers de probl\u00e8mes techniques pour nos clients.<\/p><\/div>\n<\/div><\/div>\n\n\n\n<div class=\"wp-block-uagb-image aligncenter uagb-block-a5f8f61f wp-block-uagb-image--layout-default wp-block-uagb-image--effect-static wp-block-uagb-image--align-center\"><figure class=\"wp-block-uagb-image__figure\"><img decoding=\"async\" srcset=\"https:\/\/cmplxnasge.synology.me\/wordpress\/wp-content\/uploads\/2025\/01\/rectangular-brown-wooden-table-kn-kvidcha0.jpeg ,https:\/\/cmplxnasge.synology.me\/wordpress\/wp-content\/uploads\/2025\/01\/rectangular-brown-wooden-table-kn-kvidcha0.jpeg 780w, https:\/\/cmplxnasge.synology.me\/wordpress\/wp-content\/uploads\/2025\/01\/rectangular-brown-wooden-table-kn-kvidcha0.jpeg 360w\" sizes=\"auto, (max-width: 480px) 150px\" src=\"https:\/\/cmplxnasge.synology.me\/wordpress\/wp-content\/uploads\/2025\/01\/rectangular-brown-wooden-table-kn-kvidcha0.jpeg\" alt=\"\" class=\"uag-image-1186\" width=\"1200\" height=\"500\" title=\"about-img\" loading=\"lazy\" role=\"img\"\/><\/figure><\/div>\n<\/div><\/div>\n\n\n\n<div class=\"wp-block-uagb-container uagb-block-3b46b7c5 alignfull uagb-is-root-container\"><div class=\"uagb-container-inner-blocks-wrap\">\n<div class=\"wp-block-uagb-advanced-heading uagb-block-26e4386e\"><div class=\"uagb-separator\"><\/div><h2 class=\"uagb-heading-text\">Notre Mission<\/h2><p class=\"uagb-desc-text\">Notre mission est de fournir des solutions informatiques de haute qualit\u00e9, en assurant un service impeccable et une assistance rapide pour chaque client, qu&rsquo;il soit une entreprise ou un particulier.<\/p><\/div>\n\n\n\n<div class=\"wp-block-uagb-advanced-heading uagb-block-57ce3c5c\"><div class=\"uagb-separator\"><\/div><h2 class=\"uagb-heading-text\">Nos Valeurs<\/h2><p class=\"uagb-desc-text\">Nous croyons en l&rsquo;int\u00e9grit\u00e9, la qualit\u00e9 et l&rsquo;innovation. Chaque projet est une opportunit\u00e9 de d\u00e9passer les attentes et d&rsquo;offrir une valeur ajout\u00e9e \u00e0 nos clients gr\u00e2ce \u00e0 une approche personnalis\u00e9e.<\/p><\/div>\n\n\n\n<div class=\"wp-block-uagb-advanced-heading uagb-block-e454bd3d\"><div class=\"uagb-separator\"><\/div><h2 class=\"uagb-heading-text\">Notre Vision<\/h2><p class=\"uagb-desc-text\">Ne pas transformer les services informatiques en gouffres financiers, tout en gardant notre capacit\u00e9 \u00e0 innover dans un secteur en constante \u00e9volution.<\/p><\/div>\n<\/div><\/div>\n\n\n\n<div class=\"wp-block-uagb-container uagb-block-2d1e4144 alignfull uagb-is-root-container\"><div class=\"uagb-container-inner-blocks-wrap\">\n<div class=\"wp-block-uagb-image uagb-block-d8782e7d wp-block-uagb-image--layout-default wp-block-uagb-image--effect-static wp-block-uagb-image--align-none\"><figure class=\"wp-block-uagb-image__figure\"><img decoding=\"async\" srcset=\"https:\/\/cmplxnasge.synology.me\/wordpress\/wp-content\/uploads\/2025\/01\/person-using-macbook-pro-npxxwgq33zq.jpeg ,https:\/\/cmplxnasge.synology.me\/wordpress\/wp-content\/uploads\/2025\/01\/person-using-macbook-pro-npxxwgq33zq.jpeg 780w, https:\/\/cmplxnasge.synology.me\/wordpress\/wp-content\/uploads\/2025\/01\/person-using-macbook-pro-npxxwgq33zq.jpeg 360w\" sizes=\"auto, (max-width: 480px) 150px\" src=\"https:\/\/cmplxnasge.synology.me\/wordpress\/wp-content\/uploads\/2025\/01\/person-using-macbook-pro-npxxwgq33zq.jpeg\" alt=\"\" class=\"uag-image-1181\" width=\"560\" height=\"450\" title=\"about-story\" loading=\"lazy\" role=\"img\"\/><\/figure><\/div>\n\n\n\n<div class=\"wp-block-uagb-info-box uagb-block-c931f114 uagb-infobox__content-wrap  uagb-infobox-icon-above-title uagb-infobox-image-valign-top wp-block-uagb-info-box--has-margin\"><div class=\"uagb-infobox-margin-wrapper\"><div class=\"uagb-ifb-content\"><div class=\"uagb-ifb-title-wrap\"><div class=\"uagb-ifb-separator\"><\/div><h2 class=\"uagb-ifb-title\">L&rsquo;histoire de Complex IT en un clin d&rsquo;\u0153il<\/h2><\/div><p class=\"uagb-ifb-desc\">Avec 25 ans d&rsquo;exp\u00e9rience, Complex IT est votre sp\u00e9cialiste en syst\u00e8mes d&rsquo;exploitation et solutions informatiques.<\/p><\/div><\/div><\/div>\n<\/div><\/div>\n\n\n\n<div class=\"wp-block-uagb-container uagb-block-804a406b alignfull uagb-is-root-container\"><div class=\"uagb-container-inner-blocks-wrap\">\n<div class=\"wp-block-uagb-info-box uagb-block-fd4425a9 uagb-infobox__content-wrap  uagb-infobox-icon-above-title uagb-infobox-image-valign-top wp-block-uagb-info-box--has-margin\"><div class=\"uagb-infobox-margin-wrapper\"><div class=\"uagb-ifb-content\"><div class=\"uagb-ifb-title-wrap\"><div class=\"uagb-ifb-separator\"><\/div><h2 class=\"uagb-ifb-title\">Transformez votre informatique d\u00e8s aujourd&rsquo;hui!<\/h2><\/div><p class=\"uagb-ifb-desc\">Contactez nous pour des conseils personnalis\u00e9s et des solutions efficaces qui r\u00e9pondent \u00e0 vos exigences.<\/p><div class=\"uagb-ifb-button-wrapper wp-block-button\"><a href=\"\/contact\/\" class=\"uagb-infobox-cta-link wp-block-button__link\" target=\"_self\" rel=\"noopener noreferrer\" onclick=\"return true;\"><span class=\"uagb-inline-editing\">Contactez-nous<\/span><\/a><\/div><\/div><\/div><\/div>\n<\/div><\/div>\n","protected":false},"excerpt":{"rendered":"<p>Votre partenaire informatique de confiance \u00e0 Gen\u00e8ve Complex IT : Un expert en services informatiques \u00e0 Gen\u00e8ve Complex IT est [&hellip;]<\/p>\n","protected":false},"author":4,"featured_media":0,"parent":0,"menu_order":0,"comment_status":"closed","ping_status":"closed","template":"","meta":{"_uag_custom_page_level_css":"","site-sidebar-layout":"default","site-content-layout":"","ast-site-content-layout":"default","site-content-style":"default","site-sidebar-style":"default","ast-global-header-display":"","ast-banner-title-visibility":"","ast-main-header-display":"","ast-hfb-above-header-display":"","ast-hfb-below-header-display":"","ast-hfb-mobile-header-display":"","site-post-title":"disabled","ast-breadcrumbs-content":"","ast-featured-img":"","footer-sml-layout":"","ast-disable-related-posts":"","theme-transparent-header-meta":"","adv-header-id-meta":"","stick-header-meta":"","header-above-stick-meta":"","header-main-stick-meta":"","header-below-stick-meta":"","astra-migrate-meta-layouts":"default","ast-page-background-enabled":"default","ast-page-background-meta":{"desktop":{"background-color":"var(--ast-global-color-4)","background-image":"","background-repeat":"repeat","background-position":"center center","background-size":"auto","background-attachment":"scroll","background-type":"","background-media":"","overlay-type":"","overlay-color":"","overlay-opacity":"","overlay-gradient":""},"tablet":{"background-color":"","background-image":"","background-repeat":"repeat","background-position":"center center","background-size":"auto","background-attachment":"scroll","background-type":"","background-media":"","overlay-type":"","overlay-color":"","overlay-opacity":"","overlay-gradient":""},"mobile":{"background-color":"","background-image":"","background-repeat":"repeat","background-position":"center center","background-size":"auto","background-attachment":"scroll","background-type":"","background-media":"","overlay-type":"","overlay-color":"","overlay-opacity":"","overlay-gradient":""}},"ast-content-background-meta":{"desktop":{"background-color":"var(--ast-global-color-5)","background-image":"","background-repeat":"repeat","background-position":"center center","background-size":"auto","background-attachment":"scroll","background-type":"","background-media":"","overlay-type":"","overlay-color":"","overlay-opacity":"","overlay-gradient":""},"tablet":{"background-color":"var(--ast-global-color-5)","background-image":"","background-repeat":"repeat","background-position":"center center","background-size":"auto","background-attachment":"scroll","background-type":"","background-media":"","overlay-type":"","overlay-color":"","overlay-opacity":"","overlay-gradient":""},"mobile":{"background-color":"var(--ast-global-color-5)","background-image":"","background-repeat":"repeat","background-position":"center center","background-size":"auto","background-attachment":"scroll","background-type":"","background-media":"","overlay-type":"","overlay-color":"","overlay-opacity":"","overlay-gradient":""}},"footnotes":""},"class_list":["post-14","page","type-page","status-publish","hentry"],"uagb_featured_image_src":{"full":false,"thumbnail":false,"medium":false,"medium_large":false,"large":false,"1536x1536":false,"2048x2048":false},"uagb_author_info":{"display_name":"i5m7d9sw0kdx","author_link":"https:\/\/cmplxnasge.synology.me\/wordpress\/author\/i5m7d9sw0kdx\/"},"uagb_comment_info":0,"uagb_excerpt":"Votre partenaire informatique de confiance \u00e0 Gen\u00e8ve Complex IT : Un expert en services informatiques \u00e0 Gen\u00e8ve Complex IT est [&hellip;]","_links":{"self":[{"href":"https:\/\/cmplxnasge.synology.me\/wordpress\/wp-json\/wp\/v2\/pages\/14","targetHints":{"allow":["GET"]}}],"collection":[{"href":"https:\/\/cmplxnasge.synology.me\/wordpress\/wp-json\/wp\/v2\/pages"}],"about":[{"href":"https:\/\/cmplxnasge.synology.me\/wordpress\/wp-json\/wp\/v2\/types\/page"}],"author":[{"embeddable":true,"href":"https:\/\/cmplxnasge.synology.me\/wordpress\/wp-json\/wp\/v2\/users\/4"}],"replies":[{"embeddable":true,"href":"https:\/\/cmplxnasge.synology.me\/wordpress\/wp-json\/wp\/v2\/comments?post=14"}],"version-history":[{"count":2,"href":"https:\/\/cmplxnasge.synology.me\/wordpress\/wp-json\/wp\/v2\/pages\/14\/revisions"}],"predecessor-version":[{"id":1244,"href":"https:\/\/cmplxnasge.synology.me\/wordpress\/wp-json\/wp\/v2\/pages\/14\/revisions\/1244"}],"wp:attachment":[{"href":"https:\/\/cmplxnasge.synology.me\/wordpress\/wp-json\/wp\/v2\/media?parent=14"}],"curies":[{"name":"wp","href":"https:\/\/api.w.org\/{rel}","templated":true}]}}