{"id":16,"date":"2025-01-29T17:22:00","date_gmt":"2025-01-29T17:22:00","guid":{"rendered":"https:\/\/trim-thierry-9y.zipwp.site\/?page_id=16"},"modified":"2025-01-29T19:22:33","modified_gmt":"2025-01-29T19:22:33","slug":"services","status":"publish","type":"page","link":"https:\/\/cmplxnasge.synology.me\/wordpress\/services\/","title":{"rendered":"Services"},"content":{"rendered":"\n<div class=\"wp-block-uagb-container uagb-block-4902463a alignfull uagb-is-root-container\"><div class=\"uagb-container-inner-blocks-wrap\">\n<div class=\"wp-block-uagb-advanced-heading uagb-block-a651693a\"><div class=\"uagb-separator\"><\/div><h1 class=\"uagb-heading-text\">Services Informatiques de Confiance \u00e0 Gen\u00e8ve<\/h1><\/div>\n<\/div><\/div>\n\n\n\n<div class=\"wp-block-uagb-container uagb-block-90df69fb alignfull uagb-is-root-container\"><div class=\"uagb-container-inner-blocks-wrap\">\n<div class=\"wp-block-uagb-container uagb-block-682b4904\">\n<div class=\"wp-block-uagb-image uagb-block-2729c8bb wp-block-uagb-image--layout-default wp-block-uagb-image--effect-static wp-block-uagb-image--align-none\"><figure class=\"wp-block-uagb-image__figure\"><img decoding=\"async\" srcset=\"https:\/\/cmplxnasge.synology.me\/wordpress\/wp-content\/uploads\/2025\/01\/person-using-laptop-flpc9-vocj4.jpeg ,https:\/\/cmplxnasge.synology.me\/wordpress\/wp-content\/uploads\/2025\/01\/person-using-laptop-flpc9-vocj4.jpeg 780w, https:\/\/cmplxnasge.synology.me\/wordpress\/wp-content\/uploads\/2025\/01\/person-using-laptop-flpc9-vocj4.jpeg 360w\" sizes=\"auto, (max-width: 480px) 150px\" src=\"https:\/\/cmplxnasge.synology.me\/wordpress\/wp-content\/uploads\/2025\/01\/person-using-laptop-flpc9-vocj4.jpeg\" alt=\"\" class=\"uag-image-1182\" width=\"600\" height=\"456\" title=\"services-01\" loading=\"lazy\" role=\"img\"\/><\/figure><\/div>\n\n\n\n<div class=\"wp-block-uagb-container uagb-block-0507d761\">\n<div class=\"wp-block-uagb-info-box uagb-block-a3ddb9a8 uagb-infobox__content-wrap  uagb-infobox-icon-above-title uagb-infobox-image-valign-top wp-block-uagb-info-box--has-margin\"><div class=\"uagb-infobox-margin-wrapper\"><div class=\"uagb-ifb-content\"><div class=\"uagb-ifb-title-wrap\"><h2 class=\"uagb-ifb-title-prefix\">01.<\/h2><h3 class=\"uagb-ifb-title\">Mise en place de syst\u00e8mes<\/h3><\/div><p class=\"uagb-ifb-desc\">Nous offrons une installation professionnelle de syst\u00e8mes d&rsquo;exploitation Mac, Windows et Linux pour garantir des performances optimales et un environnement de travail adapt\u00e9 \u00e0 vos exigences.<\/p><\/div><\/div><\/div>\n<\/div>\n<\/div>\n\n\n\n<div class=\"wp-block-uagb-container uagb-block-41e2ccfd\">\n<div class=\"wp-block-uagb-image uagb-block-270de036 wp-block-uagb-image--layout-default wp-block-uagb-image--effect-static wp-block-uagb-image--align-none\"><figure class=\"wp-block-uagb-image__figure\"><img decoding=\"async\" srcset=\"https:\/\/cmplxnasge.synology.me\/wordpress\/wp-content\/uploads\/2025\/01\/man-connecting-computer-cables-6804586.jpeg ,https:\/\/cmplxnasge.synology.me\/wordpress\/wp-content\/uploads\/2025\/01\/man-connecting-computer-cables-6804586.jpeg 780w, https:\/\/cmplxnasge.synology.me\/wordpress\/wp-content\/uploads\/2025\/01\/man-connecting-computer-cables-6804586.jpeg 360w\" sizes=\"auto, (max-width: 480px) 150px\" src=\"https:\/\/cmplxnasge.synology.me\/wordpress\/wp-content\/uploads\/2025\/01\/man-connecting-computer-cables-6804586.jpeg\" alt=\"\" class=\"uag-image-1183\" width=\"600\" height=\"456\" title=\"services-02\" loading=\"lazy\" role=\"img\"\/><\/figure><\/div>\n\n\n\n<div class=\"wp-block-uagb-container uagb-block-e9734346\">\n<div class=\"wp-block-uagb-info-box uagb-block-3162d113 uagb-infobox__content-wrap  uagb-infobox-icon-above-title uagb-infobox-image-valign-top wp-block-uagb-info-box--has-margin\"><div class=\"uagb-infobox-margin-wrapper\"><div class=\"uagb-ifb-content\"><div class=\"uagb-ifb-title-wrap\"><h2 class=\"uagb-ifb-title-prefix\">02.<\/h2><h3 class=\"uagb-ifb-title\">Entretien et support<\/h3><\/div><p class=\"uagb-ifb-desc\">Fournir un entretien r\u00e9gulier et un support technique efficace pour pr\u00e9venir les probl\u00e8mes et assurer le bon fonctionnement de vos syst\u00e8mes informatiques.<\/p><\/div><\/div><\/div>\n<\/div>\n<\/div>\n<\/div><\/div>\n\n\n\n<div class=\"wp-block-uagb-container uagb-block-70649f39 alignfull uagb-is-root-container\"><div class=\"uagb-container-inner-blocks-wrap\">\n<div class=\"wp-block-uagb-star-rating uagb-block-25c9f1d6\"><div class=\"uag-star-rating\" title=\"5\/5\"><span class=\"uag-star\">\u2605<\/span><span class=\"uag-star\">\u2605<\/span><span class=\"uag-star\">\u2605<\/span><span class=\"uag-star\">\u2605<\/span><span class=\"uag-star\">\u2605<\/span><\/div><\/div>\n\n\n\n<div class=\"wp-block-uagb-advanced-heading uagb-block-bf1cb40e\"><p class=\"uagb-heading-text\">Complex IT a r\u00e9solu tous nos probl\u00e8mes informatiques de mani\u00e8re efficace et rapide. Un service exceptionnel!<\/p><\/div>\n\n\n\n<div class=\"wp-block-uagb-info-box uagb-block-ce56cd90 uagb-infobox__content-wrap  uagb-infobox-icon-left-title uagb-infobox-left uagb-infobox-image-valign-middle wp-block-uagb-info-box--has-margin\"><div class=\"uagb-infobox-margin-wrapper\"><div class=\"uagb-ifb-content\"><div class=\"uagb-ifb-left-title-image\"><div class=\"uagb-ifb-image-content\"><img decoding=\"async\" src=\"https:\/\/cmplxnasge.synology.me\/wordpress\/wp-content\/uploads\/2024\/05\/testimonial-skip-09.jpg\" alt=\"\" width=\"50\" height=\"50\" loading=\"lazy\"\/><\/div><div class=\"uagb-ifb-title-wrap\"><p class=\"uagb-ifb-title\">David Martin<\/p><\/div><\/div><\/div><\/div><\/div>\n<\/div><\/div>\n\n\n\n<div class=\"wp-block-uagb-container uagb-block-589680a0 alignfull uagb-is-root-container\"><div class=\"uagb-container-inner-blocks-wrap\">\n<div class=\"wp-block-uagb-container uagb-block-285b5ea9\">\n<div class=\"wp-block-uagb-image uagb-block-97226af0 wp-block-uagb-image--layout-default wp-block-uagb-image--effect-static wp-block-uagb-image--align-none\"><figure class=\"wp-block-uagb-image__figure\"><img decoding=\"async\" srcset=\"https:\/\/cmplxnasge.synology.me\/wordpress\/wp-content\/uploads\/2025\/01\/professional-crop-black-technician-working-with-hardware-442154.jpeg ,https:\/\/cmplxnasge.synology.me\/wordpress\/wp-content\/uploads\/2025\/01\/professional-crop-black-technician-working-with-hardware-442154.jpeg 780w, https:\/\/cmplxnasge.synology.me\/wordpress\/wp-content\/uploads\/2025\/01\/professional-crop-black-technician-working-with-hardware-442154.jpeg 360w\" sizes=\"auto, (max-width: 480px) 150px\" src=\"https:\/\/cmplxnasge.synology.me\/wordpress\/wp-content\/uploads\/2025\/01\/professional-crop-black-technician-working-with-hardware-442154.jpeg\" alt=\"\" class=\"uag-image-1187\" width=\"600\" height=\"456\" title=\"service-03\" loading=\"lazy\" role=\"img\"\/><\/figure><\/div>\n\n\n\n<div class=\"wp-block-uagb-container uagb-block-ccf74f78\">\n<div class=\"wp-block-uagb-info-box uagb-block-2cfa2cf1 uagb-infobox__content-wrap  uagb-infobox-icon-above-title uagb-infobox-image-valign-top wp-block-uagb-info-box--has-margin\"><div class=\"uagb-infobox-margin-wrapper\"><div class=\"uagb-ifb-content\"><div class=\"uagb-ifb-title-wrap\"><h2 class=\"uagb-ifb-title-prefix\">03.<\/h2><h3 class=\"uagb-ifb-title\">R\u00e9paration de syst\u00e8mes<\/h3><\/div><p class=\"uagb-ifb-desc\">Nous offrons des services de r\u00e9paration rapides et efficaces pour tous vos syst\u00e8mes d&rsquo;exploitation, minimisant ainsi les temps d&rsquo;arr\u00eat et maximisant votre productivit\u00e9.<\/p><\/div><\/div><\/div>\n<\/div>\n<\/div>\n\n\n\n<div class=\"wp-block-uagb-container uagb-block-86c5b1f3\">\n<div class=\"wp-block-uagb-image uagb-block-20c7cd3a wp-block-uagb-image--layout-default wp-block-uagb-image--effect-static wp-block-uagb-image--align-none\"><figure class=\"wp-block-uagb-image__figure\"><img decoding=\"async\" srcset=\"https:\/\/cmplxnasge.synology.me\/wordpress\/wp-content\/uploads\/2025\/01\/group-of-people-using-laptop-computer-qckxruozjrg.jpeg ,https:\/\/cmplxnasge.synology.me\/wordpress\/wp-content\/uploads\/2025\/01\/group-of-people-using-laptop-computer-qckxruozjrg.jpeg 780w, https:\/\/cmplxnasge.synology.me\/wordpress\/wp-content\/uploads\/2025\/01\/group-of-people-using-laptop-computer-qckxruozjrg.jpeg 360w\" sizes=\"auto, (max-width: 480px) 150px\" src=\"https:\/\/cmplxnasge.synology.me\/wordpress\/wp-content\/uploads\/2025\/01\/group-of-people-using-laptop-computer-qckxruozjrg.jpeg\" alt=\"\" class=\"uag-image-1184\" width=\"600\" height=\"456\" title=\"services-04\" loading=\"lazy\" role=\"img\"\/><\/figure><\/div>\n\n\n\n<div class=\"wp-block-uagb-container uagb-block-3ee9de45\">\n<div class=\"wp-block-uagb-info-box uagb-block-c1b789e3 uagb-infobox__content-wrap  uagb-infobox-icon-above-title uagb-infobox-image-valign-top wp-block-uagb-info-box--has-margin\"><div class=\"uagb-infobox-margin-wrapper\"><div class=\"uagb-ifb-content\"><div class=\"uagb-ifb-title-wrap\"><h2 class=\"uagb-ifb-title-prefix\">04.<\/h2><h3 class=\"uagb-ifb-title\">Conseils en informatique<\/h3><\/div><p class=\"uagb-ifb-desc\">Notre expertise vous guide dans le choix des solutions informatiques les plus adapt\u00e9es \u00e0 vos besoins, optimisant ainsi vos investissements technologiques pour un avenir durable.<\/p><\/div><\/div><\/div>\n<\/div>\n<\/div>\n<\/div><\/div>\n\n\n\n<div class=\"wp-block-uagb-container uagb-block-804a406b alignfull uagb-is-root-container\"><div class=\"uagb-container-inner-blocks-wrap\">\n<div class=\"wp-block-uagb-info-box uagb-block-fd4425a9 uagb-infobox__content-wrap  uagb-infobox-icon-above-title uagb-infobox-image-valign-top wp-block-uagb-info-box--has-margin\"><div class=\"uagb-infobox-margin-wrapper\"><div class=\"uagb-ifb-content\"><div class=\"uagb-ifb-title-wrap\"><div class=\"uagb-ifb-separator\"><\/div><h2 class=\"uagb-ifb-title\">Transformez votre informatique d\u00e8s aujourd&rsquo;hui!<\/h2><\/div><p class=\"uagb-ifb-desc\">Contactez nous pour des conseils personnalis\u00e9s et des solutions efficaces qui r\u00e9pondent \u00e0 vos exigences.<\/p><div class=\"uagb-ifb-button-wrapper wp-block-button\"><a href=\"\/contact\/\" class=\"uagb-infobox-cta-link wp-block-button__link\" target=\"_self\" rel=\"noopener noreferrer\" onclick=\"return true;\"><span class=\"uagb-inline-editing\">Contactez-nous<\/span><\/a><\/div><\/div><\/div><\/div>\n<\/div><\/div>\n","protected":false},"excerpt":{"rendered":"<p>Services Informatiques de Confiance \u00e0 Gen\u00e8ve Complex IT a r\u00e9solu tous nos probl\u00e8mes informatiques de mani\u00e8re efficace et rapide. Un [&hellip;]<\/p>\n","protected":false},"author":4,"featured_media":0,"parent":0,"menu_order":0,"comment_status":"closed","ping_status":"closed","template":"","meta":{"_uag_custom_page_level_css":"","site-sidebar-layout":"default","site-content-layout":"","ast-site-content-layout":"default","site-content-style":"default","site-sidebar-style":"default","ast-global-header-display":"","ast-banner-title-visibility":"","ast-main-header-display":"","ast-hfb-above-header-display":"","ast-hfb-below-header-display":"","ast-hfb-mobile-header-display":"","site-post-title":"disabled","ast-breadcrumbs-content":"","ast-featured-img":"","footer-sml-layout":"","ast-disable-related-posts":"","theme-transparent-header-meta":"","adv-header-id-meta":"","stick-header-meta":"","header-above-stick-meta":"","header-main-stick-meta":"","header-below-stick-meta":"","astra-migrate-meta-layouts":"default","ast-page-background-enabled":"default","ast-page-background-meta":{"desktop":{"background-color":"var(--ast-global-color-4)","background-image":"","background-repeat":"repeat","background-position":"center center","background-size":"auto","background-attachment":"scroll","background-type":"","background-media":"","overlay-type":"","overlay-color":"","overlay-opacity":"","overlay-gradient":""},"tablet":{"background-color":"","background-image":"","background-repeat":"repeat","background-position":"center center","background-size":"auto","background-attachment":"scroll","background-type":"","background-media":"","overlay-type":"","overlay-color":"","overlay-opacity":"","overlay-gradient":""},"mobile":{"background-color":"","background-image":"","background-repeat":"repeat","background-position":"center center","background-size":"auto","background-attachment":"scroll","background-type":"","background-media":"","overlay-type":"","overlay-color":"","overlay-opacity":"","overlay-gradient":""}},"ast-content-background-meta":{"desktop":{"background-color":"var(--ast-global-color-5)","background-image":"","background-repeat":"repeat","background-position":"center center","background-size":"auto","background-attachment":"scroll","background-type":"","background-media":"","overlay-type":"","overlay-color":"","overlay-opacity":"","overlay-gradient":""},"tablet":{"background-color":"var(--ast-global-color-5)","background-image":"","background-repeat":"repeat","background-position":"center center","background-size":"auto","background-attachment":"scroll","background-type":"","background-media":"","overlay-type":"","overlay-color":"","overlay-opacity":"","overlay-gradient":""},"mobile":{"background-color":"var(--ast-global-color-5)","background-image":"","background-repeat":"repeat","background-position":"center center","background-size":"auto","background-attachment":"scroll","background-type":"","background-media":"","overlay-type":"","overlay-color":"","overlay-opacity":"","overlay-gradient":""}},"footnotes":""},"class_list":["post-16","page","type-page","status-publish","hentry"],"uagb_featured_image_src":{"full":false,"thumbnail":false,"medium":false,"medium_large":false,"large":false,"1536x1536":false,"2048x2048":false},"uagb_author_info":{"display_name":"i5m7d9sw0kdx","author_link":"https:\/\/cmplxnasge.synology.me\/wordpress\/author\/i5m7d9sw0kdx\/"},"uagb_comment_info":0,"uagb_excerpt":"Services Informatiques de Confiance \u00e0 Gen\u00e8ve Complex IT a r\u00e9solu tous nos probl\u00e8mes informatiques de mani\u00e8re efficace et rapide. Un [&hellip;]","_links":{"self":[{"href":"https:\/\/cmplxnasge.synology.me\/wordpress\/wp-json\/wp\/v2\/pages\/16","targetHints":{"allow":["GET"]}}],"collection":[{"href":"https:\/\/cmplxnasge.synology.me\/wordpress\/wp-json\/wp\/v2\/pages"}],"about":[{"href":"https:\/\/cmplxnasge.synology.me\/wordpress\/wp-json\/wp\/v2\/types\/page"}],"author":[{"embeddable":true,"href":"https:\/\/cmplxnasge.synology.me\/wordpress\/wp-json\/wp\/v2\/users\/4"}],"replies":[{"embeddable":true,"href":"https:\/\/cmplxnasge.synology.me\/wordpress\/wp-json\/wp\/v2\/comments?post=16"}],"version-history":[{"count":2,"href":"https:\/\/cmplxnasge.synology.me\/wordpress\/wp-json\/wp\/v2\/pages\/16\/revisions"}],"predecessor-version":[{"id":1239,"href":"https:\/\/cmplxnasge.synology.me\/wordpress\/wp-json\/wp\/v2\/pages\/16\/revisions\/1239"}],"wp:attachment":[{"href":"https:\/\/cmplxnasge.synology.me\/wordpress\/wp-json\/wp\/v2\/media?parent=16"}],"curies":[{"name":"wp","href":"https:\/\/api.w.org\/{rel}","templated":true}]}}